{"id":1627,"date":"2025-08-25T18:14:07","date_gmt":"2025-08-25T18:14:07","guid":{"rendered":"https:\/\/psycholoogsuheda.com\/?page_id=1627"},"modified":"2025-08-26T13:46:11","modified_gmt":"2025-08-26T13:46:11","slug":"links","status":"publish","type":"page","link":"https:\/\/psycholoogsuheda.com\/tr\/links\/","title":{"rendered":"Links"},"content":{"rendered":"<div data-elementor-type=\"wp-page\" data-elementor-id=\"1627\" class=\"elementor elementor-1627\">\n\t\t\t\t<div class=\"elementor-element elementor-element-728188d e-flex e-con-boxed wpr-particle-no wpr-jarallax-no wpr-parallax-no wpr-sticky-section-no wpr-equal-height-no e-con e-parent\" data-id=\"728188d\" data-element_type=\"container\" data-e-type=\"container\">\n\t\t\t\t\t<div class=\"e-con-inner\">\n\t\t<div class=\"elementor-element elementor-element-c6971df e-con-full e-flex wpr-particle-no wpr-jarallax-no wpr-parallax-no wpr-sticky-section-no wpr-equal-height-no e-con e-child\" data-id=\"c6971df\" data-element_type=\"container\" data-e-type=\"container\">\n\t\t\t\t<div class=\"elementor-element elementor-element-73593a7 elementor-widget elementor-widget-image\" data-id=\"73593a7\" data-element_type=\"widget\" data-e-type=\"widget\" data-widget_type=\"image.default\">\n\t\t\t\t\t\t\t\t\t\t\t\t\t\t\t<img fetchpriority=\"high\" decoding=\"async\" width=\"355\" height=\"345\" src=\"https:\/\/psycholoogsuheda.com\/wp-content\/uploads\/2025\/08\/Logo-rond-zwart-trans-e1754164472978.webp\" class=\"attachment-large size-large wp-image-95\" alt=\"Logo Psycholoog Suheda\" srcset=\"https:\/\/psycholoogsuheda.com\/wp-content\/uploads\/2025\/08\/Logo-rond-zwart-trans-e1754164472978.webp 355w, https:\/\/psycholoogsuheda.com\/wp-content\/uploads\/2025\/08\/Logo-rond-zwart-trans-e1754164472978-300x292.webp 300w\" sizes=\"(max-width: 355px) 100vw, 355px\" \/>\t\t\t\t\t\t\t\t\t\t\t\t\t\t\t<\/div>\n\t\t\t\t<\/div>\n\t\t\t\t\t<\/div>\n\t\t\t\t<\/div>\n\t\t<div class=\"elementor-element elementor-element-5efeb86 e-flex e-con-boxed wpr-particle-no wpr-jarallax-no wpr-parallax-no wpr-sticky-section-no wpr-equal-height-no e-con e-parent\" data-id=\"5efeb86\" data-element_type=\"container\" data-e-type=\"container\">\n\t\t\t\t\t<div class=\"e-con-inner\">\n\t\t\t\t\t\t\t<div data-eael_duration=\"{&quot;transitionDuration&quot;:1000}\" data-eael_easing=\"{&quot;transitionEasing&quot;:&quot;ease&quot;}\" data-eael_hover_duration=\"{&quot;transitionDuration&quot;:1000}\" data-eael_hover_easing=\"{&quot;transitionEasing&quot;:&quot;ease-in&quot;}\" data-eaeltilt=\"eael_tilt\" class=\"eael_hover_effect elementor-element elementor-element-2d8ac5b elementor-invisible elementor-widget elementor-widget-image\" data-id=\"2d8ac5b\" data-element_type=\"widget\" data-e-type=\"widget\" data-settings=\"{&quot;eael_hover_effect_general_settings_hover_easing&quot;:&quot;ease-in&quot;,&quot;_animation&quot;:&quot;fadeIn&quot;,&quot;eael_hover_effect_general_settings_easing&quot;:&quot;ease&quot;}\" data-widget_type=\"image.default\">\n\t\t\t\t\t\t\t\t\t\t\t\t\t\t\t<img decoding=\"async\" width=\"800\" height=\"534\" src=\"https:\/\/psycholoogsuheda.com\/wp-content\/uploads\/2025\/08\/DSC00192-1-1024x683.webp\" class=\"attachment-large size-large wp-image-1564\" alt=\"Psycholoog Haarlem - persoonlijke therapie\" srcset=\"https:\/\/psycholoogsuheda.com\/wp-content\/uploads\/2025\/08\/DSC00192-1-1024x683.webp 1024w, https:\/\/psycholoogsuheda.com\/wp-content\/uploads\/2025\/08\/DSC00192-1-300x200.webp 300w, https:\/\/psycholoogsuheda.com\/wp-content\/uploads\/2025\/08\/DSC00192-1-768x512.webp 768w, https:\/\/psycholoogsuheda.com\/wp-content\/uploads\/2025\/08\/DSC00192-1-1536x1024.webp 1536w, https:\/\/psycholoogsuheda.com\/wp-content\/uploads\/2025\/08\/DSC00192-1-2048x1365.webp 2048w\" sizes=\"(max-width: 800px) 100vw, 800px\" \/>\t\t\t\t\t\t\t\t\t\t\t\t\t\t\t<\/div>\n\t\t\t\t<div class=\"elementor-element elementor-element-4fe0b48 elementor-widget__width-initial elementor-widget elementor-widget-text-editor\" data-id=\"4fe0b48\" data-element_type=\"widget\" data-e-type=\"widget\" data-widget_type=\"text-editor.default\">\n\t\t\t\t\t\t\t\t\t<p>Op dit moment is er een <strong>yeni<\/strong> ba\u015fvurular i\u00e7in<strong> 6 ila 12 hafta aras\u0131nda<\/strong> de\u011fi\u015fen bir bekleme s\u00fcresi uygulanmaktad\u0131r.<\/p><p>Wil je in de tussentijd alvast kennismaken of meer informatie ontvangen? Via de onderstaande links kun je eenvoudig contact opnemen of meer lezen.<\/p>\t\t\t\t\t\t\t\t<\/div>\n\t\t\t\t<div class=\"elementor-element elementor-element-7b35f8d elementor-widget-divider--view-line elementor-widget elementor-widget-divider\" data-id=\"7b35f8d\" data-element_type=\"widget\" data-e-type=\"widget\" data-widget_type=\"divider.default\">\n\t\t\t\t\t\t\t<div class=\"elementor-divider\">\n\t\t\t<span class=\"elementor-divider-separator\">\n\t\t\t\t\t\t<\/span>\n\t\t<\/div>\n\t\t\t\t\t\t<\/div>\n\t\t\t\t\t\t\t<div data-eael_duration=\"{&quot;transitionDuration&quot;:1000}\" data-eael_easing=\"{&quot;transitionEasing&quot;:&quot;ease&quot;}\" data-eael_hover_duration=\"{&quot;transitionDuration&quot;:1000}\" data-eael_hover_easing=\"{&quot;transitionEasing&quot;:&quot;ease-in&quot;}\" class=\"eael_hover_effect elementor-element elementor-element-59b4d9c elementor-widget elementor-widget-html\" data-id=\"59b4d9c\" data-element_type=\"widget\" data-e-type=\"widget\" data-settings=\"{&quot;eael_hover_effect_general_settings_hover_easing&quot;:&quot;ease-in&quot;,&quot;eael_hover_effect_general_settings_easing&quot;:&quot;ease&quot;}\" data-widget_type=\"html.default\">\n\t\t\t\t\t<!-- Calendly button widget begin -->\n<link href=\"https:\/\/assets.calendly.com\/assets\/external\/widget.css\" rel=\"stylesheet\">\n<script src=\"https:\/\/assets.calendly.com\/assets\/external\/widget.js\" type=\"text\/javascript\" async><\/script>\n\n<button class=\"btnc\" onclick=\"Calendly.initPopupWidget({url: 'https:\/\/calendly.com\/psycholoogsuheda-info\/vrijblijvendtelefoongesprek'});return false;\">\n  Boek hier vrijblijvend een gesprek ->\n<\/button>\n\n<style>\n.btnc {\n  background-color:#B07E63; \n  color:#F0EDE4; \n  padding: 1rem 3rem; \n  border:none; \n  border-radius:0px 0px 20px 20px; \n  font-size:22px; \n  font-family: Inter, sans-serif;\n}\n\n\/* Hover effect *\/\n.btnc:hover {\n  background-color:#996b53;\n}\n\n\/* Tablet: font-size kleiner *\/\n@media (min-width:768px) and (max-width:1024px) {\n  .btnc {\n    font-size:18px;\n  }\n}\n\n\/* Mobiel *\/\n@media (max-width:767px) {\n  .btnc {\n    font-size: 16px;\n    padding: 1rem 1rem; \/* nog compacter *\/\n  }\n}\n<\/style>\n<!-- Calendly button widget end -->\n\t\t\t\t<\/div>\n\t\t<a class=\"eael-wrapper-link-4ed9a55 --eael-wrapper-link-tag\" href=\"https:\/\/psycholoogsuheda.com\/tr\/aanbod\/\"><\/a>\t\t\t\t\t<div data-eael-wrapper-link=\"eael-wrapper-link-4ed9a55\" data-eael_duration=\"{&quot;transitionDuration&quot;:1000}\" data-eael_easing=\"{&quot;transitionEasing&quot;:&quot;ease-in&quot;}\" data-eael_hover_duration=\"{&quot;transitionDuration&quot;:1000}\" data-eael_hover_easing=\"{&quot;transitionEasing&quot;:&quot;ease&quot;}\" class=\"eael_hover_effect elementor-element elementor-element-4ed9a55 elementor-widget__width-initial knop elementor-widget elementor-widget-text-editor\" data-id=\"4ed9a55\" data-element_type=\"widget\" data-e-type=\"widget\" data-settings=\"{&quot;eael_hover_effect_general_settings_easing&quot;:&quot;ease-in&quot;,&quot;eael_hover_effect_general_settings_hover_easing&quot;:&quot;ease&quot;}\" data-widget_type=\"text-editor.default\">\n\t\t\t\t\t\t\t\t\t<p><a title=\"Mijn aanbod\" href=\"https:\/\/psycholoogsuheda.com\/tr\/aanbod\/\" target=\"_blank\" rel=\"noopener\">Bekijk hier mijn aanbod -&gt;<\/a><\/p>\t\t\t\t\t\t\t\t<\/div>\n\t\t<a class=\"eael-wrapper-link-fcdec07 --eael-wrapper-link-tag\" href=\"https:\/\/psycholoogsuheda.com\/tr\/\"><\/a>\t\t\t\t\t<div data-eael-wrapper-link=\"eael-wrapper-link-fcdec07\" data-eael_duration=\"{&quot;transitionDuration&quot;:1000}\" data-eael_easing=\"{&quot;transitionEasing&quot;:&quot;ease-in&quot;}\" data-eael_hover_duration=\"{&quot;transitionDuration&quot;:1000}\" data-eael_hover_easing=\"{&quot;transitionEasing&quot;:&quot;ease&quot;}\" class=\"eael_hover_effect elementor-element elementor-element-fcdec07 elementor-widget__width-initial knop elementor-widget elementor-widget-text-editor\" data-id=\"fcdec07\" data-element_type=\"widget\" data-e-type=\"widget\" data-settings=\"{&quot;eael_hover_effect_general_settings_easing&quot;:&quot;ease-in&quot;,&quot;eael_hover_effect_general_settings_hover_easing&quot;:&quot;ease&quot;}\" data-widget_type=\"text-editor.default\">\n\t\t\t\t\t\t\t\t\t<a title=\"Mijn aanbod\" href=\"https:\/\/psycholoogsuheda.com\/tr\/aanbod\/\" target=\"_blank\" rel=\"noopener\">Bezoek hier mijn website -&gt;<\/a>\t\t\t\t\t\t\t\t<\/div>\n\t\t\t\t\t<\/div>\n\t\t\t\t<\/div>\n\t\t<div class=\"elementor-element elementor-element-f60041c e-flex e-con-boxed wpr-particle-no wpr-jarallax-no wpr-parallax-no wpr-sticky-section-no wpr-equal-height-no e-con e-parent\" data-id=\"f60041c\" data-element_type=\"container\" data-e-type=\"container\">\n\t\t\t\t\t<div class=\"e-con-inner\">\n\t\t<div class=\"elementor-element elementor-element-5d2fbe9 e-con-full e-flex wpr-particle-no wpr-jarallax-no wpr-parallax-no wpr-sticky-section-no wpr-equal-height-no e-con e-child\" data-id=\"5d2fbe9\" data-element_type=\"container\" data-e-type=\"container\">\n\t\t\t\t<div class=\"elementor-element elementor-element-dbbbd65 elementor-widget__width-initial elementor-shape-rounded elementor-grid-0 e-grid-align-center elementor-widget elementor-widget-social-icons\" data-id=\"dbbbd65\" data-element_type=\"widget\" data-e-type=\"widget\" data-widget_type=\"social-icons.default\">\n\t\t\t\t\t\t\t<div class=\"elementor-social-icons-wrapper elementor-grid\" role=\"list\">\n\t\t\t\t\t\t\t<span class=\"elementor-grid-item\" role=\"listitem\">\n\t\t\t\t\t<a class=\"elementor-icon elementor-social-icon elementor-social-icon-envelope elementor-animation-shrink elementor-repeater-item-74a1640\" href=\"mailto:info@psycholoogsuheda.com\" target=\"_blank\">\n\t\t\t\t\t\t<span class=\"elementor-screen-only\">Envelope<\/span>\n\t\t\t\t\t\t<svg aria-hidden=\"true\" class=\"e-font-icon-svg e-fas-envelope\" viewbox=\"0 0 512 512\" xmlns=\"http:\/\/www.w3.org\/2000\/svg\"><path d=\"M502.3 190.8c3.9-3.1 9.7-.2 9.7 4.7V400c0 26.5-21.5 48-48 48H48c-26.5 0-48-21.5-48-48V195.6c0-5 5.7-7.8 9.7-4.7 22.4 17.4 52.1 39.5 154.1 113.6 21.1 15.4 56.7 47.8 92.2 47.6 35.7.3 72-32.8 92.3-47.6 102-74.1 131.6-96.3 154-113.7zM256 320c23.2.4 56.6-29.2 73.4-41.4 132.7-96.3 142.8-104.7 173.4-128.7 5.8-4.5 9.2-11.5 9.2-18.9v-19c0-26.5-21.5-48-48-48H48C21.5 64 0 85.5 0 112v19c0 7.4 3.4 14.3 9.2 18.9 30.6 23.9 40.7 32.4 173.4 128.7 16.8 12.2 50.2 41.8 73.4 41.4z\"><\/path><\/svg>\t\t\t\t\t<\/a>\n\t\t\t\t<\/span>\n\t\t\t\t\t\t\t<span class=\"elementor-grid-item\" role=\"listitem\">\n\t\t\t\t\t<a class=\"elementor-icon elementor-social-icon elementor-social-icon-linkedin elementor-animation-shrink elementor-repeater-item-73219ba\" href=\"https:\/\/www.linkedin.com\/in\/suheda-sahin-kocak-87360a63\/?originalSubdomain=nl\" target=\"_blank\" rel=\"noopener\">\n\t\t\t\t\t\t<span class=\"elementor-screen-only\">Linkedin<\/span>\n\t\t\t\t\t\t<svg aria-hidden=\"true\" class=\"e-font-icon-svg e-fab-linkedin\" viewbox=\"0 0 448 512\" xmlns=\"http:\/\/www.w3.org\/2000\/svg\"><path d=\"M416 32H31.9C14.3 32 0 46.5 0 64.3v383.4C0 465.5 14.3 480 31.9 480H416c17.6 0 32-14.5 32-32.3V64.3c0-17.8-14.4-32.3-32-32.3zM135.4 416H69V202.2h66.5V416zm-33.2-243c-21.3 0-38.5-17.3-38.5-38.5S80.9 96 102.2 96c21.2 0 38.5 17.3 38.5 38.5 0 21.3-17.2 38.5-38.5 38.5zm282.1 243h-66.4V312c0-24.8-.5-56.7-34.5-56.7-34.6 0-39.9 27-39.9 54.9V416h-66.4V202.2h63.7v29.2h.9c8.9-16.8 30.6-34.5 62.9-34.5 67.2 0 79.7 44.3 79.7 101.9V416z\"><\/path><\/svg>\t\t\t\t\t<\/a>\n\t\t\t\t<\/span>\n\t\t\t\t\t\t\t<span class=\"elementor-grid-item\" role=\"listitem\">\n\t\t\t\t\t<a class=\"elementor-icon elementor-social-icon elementor-social-icon-instagram elementor-animation-shrink elementor-repeater-item-aedcdd5\" href=\"https:\/\/www.instagram.com\/psycholoog_suheda\/\" target=\"_blank\" rel=\"noopener\">\n\t\t\t\t\t\t<span class=\"elementor-screen-only\">Instagram<\/span>\n\t\t\t\t\t\t<svg aria-hidden=\"true\" class=\"e-font-icon-svg e-fab-instagram\" viewbox=\"0 0 448 512\" xmlns=\"http:\/\/www.w3.org\/2000\/svg\"><path d=\"M224.1 141c-63.6 0-114.9 51.3-114.9 114.9s51.3 114.9 114.9 114.9S339 319.5 339 255.9 287.7 141 224.1 141zm0 189.6c-41.1 0-74.7-33.5-74.7-74.7s33.5-74.7 74.7-74.7 74.7 33.5 74.7 74.7-33.6 74.7-74.7 74.7zm146.4-194.3c0 14.9-12 26.8-26.8 26.8-14.9 0-26.8-12-26.8-26.8s12-26.8 26.8-26.8 26.8 12 26.8 26.8zm76.1 27.2c-1.7-35.9-9.9-67.7-36.2-93.9-26.2-26.2-58-34.4-93.9-36.2-37-2.1-147.9-2.1-184.9 0-35.8 1.7-67.6 9.9-93.9 36.1s-34.4 58-36.2 93.9c-2.1 37-2.1 147.9 0 184.9 1.7 35.9 9.9 67.7 36.2 93.9s58 34.4 93.9 36.2c37 2.1 147.9 2.1 184.9 0 35.9-1.7 67.7-9.9 93.9-36.2 26.2-26.2 34.4-58 36.2-93.9 2.1-37 2.1-147.8 0-184.8zM398.8 388c-7.8 19.6-22.9 34.7-42.6 42.6-29.5 11.7-99.5 9-132.1 9s-102.7 2.6-132.1-9c-19.6-7.8-34.7-22.9-42.6-42.6-11.7-29.5-9-99.5-9-132.1s-2.6-102.7 9-132.1c7.8-19.6 22.9-34.7 42.6-42.6 29.5-11.7 99.5-9 132.1-9s102.7-2.6 132.1 9c19.6 7.8 34.7 22.9 42.6 42.6 11.7 29.5 9 99.5 9 132.1s2.7 102.7-9 132.1z\"><\/path><\/svg>\t\t\t\t\t<\/a>\n\t\t\t\t<\/span>\n\t\t\t\t\t<\/div>\n\t\t\t\t\t\t<\/div>\n\t\t\t\t<\/div>\n\t\t\t\t\t<\/div>\n\t\t\t\t<\/div>\n\t\t<div class=\"elementor-element elementor-element-ef90180 e-flex e-con-boxed wpr-particle-no wpr-jarallax-no wpr-parallax-no wpr-sticky-section-no wpr-equal-height-no e-con e-parent\" data-id=\"ef90180\" data-element_type=\"container\" data-e-type=\"container\">\n\t\t\t\t\t<div class=\"e-con-inner\">\n\t\t\t\t<div class=\"elementor-element elementor-element-3159183 elementor-widget elementor-widget-copyright\" data-id=\"3159183\" data-element_type=\"widget\" data-e-type=\"widget\" data-settings=\"{&quot;align&quot;:&quot;center&quot;}\" data-widget_type=\"copyright.default\">\n\t\t\t\t<div class=\"elementor-widget-container\">\n\t\t\t\t\t\t\t<div class=\"hfe-copyright-wrapper\">\n\t\t\t\t\t\t\t<a href=\"http:\/\/www.esmaweb.be\" target=\"_blank\" rel=\"noopener\">\n\t\t\t\t\t<span>Copyright \u00a9 2026 Psycholoog Suheda\n- Made with love by EsmaWeb<\/span>\n\t\t\t\t<\/a>\n\t\t\t\t\t<\/div>\n\t\t\t\t\t\t<\/div>\n\t\t\t\t<\/div>\n\t\t\t\t\t<\/div>\n\t\t\t\t<\/div>\n\t\t\t\t<\/div>","protected":false},"excerpt":{"rendered":"<p>Op dit moment is er een wachttijd van 6 tot 12 weken voor nieuwe cli\u00ebnten. Wil je in de tussentijd alvast kennismaken of meer informatie ontvangen? Via de onderstaande links kun je eenvoudig contact opnemen of meer lezen. Boek hier vrijblijvend een gesprek -> Bekijk hier mijn aanbod -&gt; Bezoek hier mijn website -&gt; Envelope Linkedin Instagram Copyright \u00a9 &#8211; Made with love by EsmaWeb<\/p>","protected":false},"author":1,"featured_media":0,"parent":0,"menu_order":0,"comment_status":"closed","ping_status":"closed","template":"","meta":{"footnotes":""},"class_list":["post-1627","page","type-page","status-publish","hentry"],"_links":{"self":[{"href":"https:\/\/psycholoogsuheda.com\/tr\/wp-json\/wp\/v2\/pages\/1627","targetHints":{"allow":["GET"]}}],"collection":[{"href":"https:\/\/psycholoogsuheda.com\/tr\/wp-json\/wp\/v2\/pages"}],"about":[{"href":"https:\/\/psycholoogsuheda.com\/tr\/wp-json\/wp\/v2\/types\/page"}],"author":[{"embeddable":true,"href":"https:\/\/psycholoogsuheda.com\/tr\/wp-json\/wp\/v2\/users\/1"}],"replies":[{"embeddable":true,"href":"https:\/\/psycholoogsuheda.com\/tr\/wp-json\/wp\/v2\/comments?post=1627"}],"version-history":[{"count":31,"href":"https:\/\/psycholoogsuheda.com\/tr\/wp-json\/wp\/v2\/pages\/1627\/revisions"}],"predecessor-version":[{"id":1771,"href":"https:\/\/psycholoogsuheda.com\/tr\/wp-json\/wp\/v2\/pages\/1627\/revisions\/1771"}],"wp:attachment":[{"href":"https:\/\/psycholoogsuheda.com\/tr\/wp-json\/wp\/v2\/media?parent=1627"}],"curies":[{"name":"wp","href":"https:\/\/api.w.org\/{rel}","templated":true}]}}